{"id":29,"date":"2025-12-08T04:05:09","date_gmt":"2025-12-08T04:05:09","guid":{"rendered":"https:\/\/leadership2017.wpbuddyflowex.com\/?page_id=29"},"modified":"2026-01-15T08:36:13","modified_gmt":"2026-01-15T08:36:13","slug":"legal-aspects-of-coaching-in-austria","status":"publish","type":"page","link":"https:\/\/leadership2017.wpbuddyflowex.com\/de\/legal-aspects-of-coaching-in-austria\/","title":{"rendered":"Coaching als Gewerbe"},"content":{"rendered":"<div data-elementor-type=\"wp-page\" data-elementor-id=\"29\" class=\"elementor elementor-29\" data-elementor-post-type=\"page\">\n\t\t\t\t<div class=\"elementor-element elementor-element-208acc0 e-flex e-con-boxed e-con e-parent\" data-id=\"208acc0\" data-element_type=\"container\" data-e-type=\"container\" data-settings=\"{&quot;background_background&quot;:&quot;classic&quot;,&quot;jet_parallax_layout_list&quot;:[]}\">\n\t\t\t\t\t<div class=\"e-con-inner\">\n\t\t<div class=\"elementor-element elementor-element-5d15291 e-con-full e-flex e-con e-child\" data-id=\"5d15291\" data-element_type=\"container\" data-e-type=\"container\" data-settings=\"{&quot;background_background&quot;:&quot;classic&quot;,&quot;jet_parallax_layout_list&quot;:[]}\">\n\t\t<div class=\"elementor-element elementor-element-a2065db e-con-full e-flex e-con e-child\" data-id=\"a2065db\" data-element_type=\"container\" data-e-type=\"container\" data-settings=\"{&quot;jet_parallax_layout_list&quot;:[]}\">\n\t\t<div class=\"elementor-element elementor-element-398ab49 e-con-full e-flex e-con e-child\" data-id=\"398ab49\" data-element_type=\"container\" data-e-type=\"container\" data-settings=\"{&quot;jet_parallax_layout_list&quot;:[]}\">\n\t\t\t\t<div class=\"elementor-element elementor-element-38d3d7a elementor-icon-list--layout-inline elementor-align-center elementor-list-item-link-full_width elementor-widget elementor-widget-icon-list\" data-id=\"38d3d7a\" data-element_type=\"widget\" data-e-type=\"widget\" data-widget_type=\"icon-list.default\">\n\t\t\t\t\t\t\t<ul class=\"elementor-icon-list-items elementor-inline-items\">\n\t\t\t\t\t\t\t<li class=\"elementor-icon-list-item elementor-inline-item\">\n\t\t\t\t\t\t\t\t\t\t\t<a href=\"https:\/\/leadership2017.wpbuddyflowex.com\/de\/\">\n\n\t\t\t\t\t\t\t\t\t\t\t<span class=\"elementor-icon-list-text\">Home<\/span>\n\t\t\t\t\t\t\t\t\t\t\t<\/a>\n\t\t\t\t\t\t\t\t\t<\/li>\n\t\t\t\t\t\t<\/ul>\n\t\t\t\t\t\t<\/div>\n\t\t\t\t<div class=\"elementor-element elementor-element-a1befb4 elementor-icon-list--layout-inline elementor-align-center elementor-list-item-link-full_width elementor-widget elementor-widget-icon-list\" data-id=\"a1befb4\" data-element_type=\"widget\" data-e-type=\"widget\" data-widget_type=\"icon-list.default\">\n\t\t\t\t\t\t\t<ul class=\"elementor-icon-list-items elementor-inline-items\">\n\t\t\t\t\t\t\t<li class=\"elementor-icon-list-item elementor-inline-item\">\n\t\t\t\t\t\t\t\t\t\t\t<span class=\"elementor-icon-list-icon\">\n\t\t\t\t\t\t\t<svg xmlns=\"http:\/\/www.w3.org\/2000\/svg\" width=\"182\" height=\"374\" viewbox=\"0 0 182 374\" fill=\"none\"><path d=\"M171.603 1.34188C173.53 2.18306 175.272 3.39566 176.73 4.91038C178.188 6.42511 179.333 8.21226 180.099 10.1697C180.866 12.1271 181.239 14.2165 181.198 16.3183C181.157 18.4202 180.702 20.4933 179.859 22.4192L30.5261 363.753C28.7707 367.554 25.5949 370.516 21.6803 372.003C17.7658 373.489 13.4244 373.382 9.58801 371.704C5.75162 370.026 2.72596 366.911 1.16038 363.027C-0.405192 359.143 -0.385892 354.801 1.21413 350.931L150.547 9.59788C151.389 7.67127 152.601 5.9293 154.116 4.47155C155.631 3.01381 157.418 1.86885 159.375 1.10212C161.333 0.335391 163.422 -0.0380758 165.524 0.00306425C167.626 0.0442043 169.678 0.499142 171.603 1.34188Z\" fill=\"#D7D7D7\"><\/path><\/svg>\t\t\t\t\t\t<\/span>\n\t\t\t\t\t\t\t\t\t\t<span class=\"elementor-icon-list-text\"><\/span>\n\t\t\t\t\t\t\t\t\t<\/li>\n\t\t\t\t\t\t<\/ul>\n\t\t\t\t\t\t<\/div>\n\t\t\t\t<\/div>\n\t\t\t\t<\/div>\n\t\t\t\t<\/div>\n\t\t\t\t\t<\/div>\n\t\t\t\t<\/div>\n\t\t<div class=\"elementor-element elementor-element-344be3b elementor-hidden-mobile e-flex e-con-boxed e-con e-parent\" data-id=\"344be3b\" data-element_type=\"container\" data-e-type=\"container\" data-settings=\"{&quot;jet_parallax_layout_list&quot;:[]}\">\n\t\t\t\t\t<div class=\"e-con-inner\">\n\t\t<div class=\"elementor-element elementor-element-a7bb0ef e-con-full e-flex e-con e-child\" data-id=\"a7bb0ef\" data-element_type=\"container\" data-e-type=\"container\" data-settings=\"{&quot;jet_parallax_layout_list&quot;:[]}\">\n\t\t<div class=\"elementor-element elementor-element-e107fae e-con-full e-flex e-con e-child\" data-id=\"e107fae\" data-element_type=\"container\" data-e-type=\"container\" data-settings=\"{&quot;jet_parallax_layout_list&quot;:[],&quot;background_background&quot;:&quot;classic&quot;,&quot;background_motion_fx_motion_fx_scrolling&quot;:&quot;yes&quot;,&quot;background_motion_fx_translateY_effect&quot;:&quot;yes&quot;,&quot;sticky&quot;:&quot;top&quot;,&quot;sticky_offset&quot;:120,&quot;sticky_parent&quot;:&quot;yes&quot;,&quot;background_motion_fx_translateY_speed&quot;:{&quot;unit&quot;:&quot;px&quot;,&quot;size&quot;:4,&quot;sizes&quot;:[]},&quot;background_motion_fx_translateY_affectedRange&quot;:{&quot;unit&quot;:&quot;%&quot;,&quot;size&quot;:&quot;&quot;,&quot;sizes&quot;:{&quot;start&quot;:0,&quot;end&quot;:100}},&quot;background_motion_fx_devices&quot;:[&quot;desktop&quot;,&quot;tablet&quot;,&quot;mobile&quot;],&quot;sticky_on&quot;:[&quot;desktop&quot;,&quot;tablet&quot;,&quot;mobile&quot;],&quot;sticky_effects_offset&quot;:0,&quot;sticky_anchor_link_offset&quot;:0}\">\n\t\t\t\t<div class=\"elementor-element elementor-element-ee794d5 elementor-widget elementor-widget-image\" data-id=\"ee794d5\" data-element_type=\"widget\" data-e-type=\"widget\" data-widget_type=\"image.default\">\n\t\t\t\t\t\t\t\t\t\t\t\t\t\t\t<img fetchpriority=\"high\" decoding=\"async\" width=\"2560\" height=\"1709\" src=\"https:\/\/leadership2017.wpbuddyflowex.com\/wp-content\/uploads\/2025\/11\/confident-male-manager-greeting-colleague-with-hi-five-gesture-scaled.jpg\" class=\"attachment-full size-full wp-image-2970\" alt=\"\" srcset=\"https:\/\/leadership2017.wpbuddyflowex.com\/wp-content\/uploads\/2025\/11\/confident-male-manager-greeting-colleague-with-hi-five-gesture-scaled.jpg 2560w, https:\/\/leadership2017.wpbuddyflowex.com\/wp-content\/uploads\/2025\/11\/confident-male-manager-greeting-colleague-with-hi-five-gesture-300x200.jpg 300w, https:\/\/leadership2017.wpbuddyflowex.com\/wp-content\/uploads\/2025\/11\/confident-male-manager-greeting-colleague-with-hi-five-gesture-1024x684.jpg 1024w, https:\/\/leadership2017.wpbuddyflowex.com\/wp-content\/uploads\/2025\/11\/confident-male-manager-greeting-colleague-with-hi-five-gesture-768x513.jpg 768w, https:\/\/leadership2017.wpbuddyflowex.com\/wp-content\/uploads\/2025\/11\/confident-male-manager-greeting-colleague-with-hi-five-gesture-1536x1025.jpg 1536w, https:\/\/leadership2017.wpbuddyflowex.com\/wp-content\/uploads\/2025\/11\/confident-male-manager-greeting-colleague-with-hi-five-gesture-2048x1367.jpg 2048w\" sizes=\"(max-width: 2560px) 100vw, 2560px\" \/>\t\t\t\t\t\t\t\t\t\t\t\t\t\t\t<\/div>\n\t\t\t\t<\/div>\n\t\t<div class=\"elementor-element elementor-element-fe6251e e-con-full e-flex e-con e-child\" data-id=\"fe6251e\" data-element_type=\"container\" data-e-type=\"container\" data-settings=\"{&quot;jet_parallax_layout_list&quot;:[]}\">\n\t\t<div class=\"elementor-element elementor-element-ee87fd5 e-con-full e-flex e-con e-child\" data-id=\"ee87fd5\" data-element_type=\"container\" data-e-type=\"container\" data-settings=\"{&quot;jet_parallax_layout_list&quot;:[]}\">\n\t\t\t\t<div class=\"elementor-element elementor-element-8106c52 elementor-widget elementor-widget-heading\" data-id=\"8106c52\" data-element_type=\"widget\" data-e-type=\"widget\" data-widget_type=\"heading.default\">\n\t\t\t\t\t<h2 class=\"elementor-heading-title elementor-size-default\">Achtung\n<\/h2>\t\t\t\t<\/div>\n\t\t\t\t<div class=\"elementor-element elementor-element-6994931 elementor-widget elementor-widget-text-editor\" data-id=\"6994931\" data-element_type=\"widget\" data-e-type=\"widget\" data-widget_type=\"text-editor.default\">\n\t\t\t\t\t\t\t\t\tDie selbstst\u00e4ndige Aus\u00fcbung von Coaching ist in \u00d6sterreich durch die Gewerbeordnung gesetzlich geregelt. Verst\u00f6\u00dfe gegen die Gewerbeordnung ziehen Verwaltungsstrafen nach sich\n\t\t\t\t\t\t\t\t<\/div>\n\t\t\t\t<\/div>\n\t\t<div class=\"elementor-element elementor-element-0a22fab e-con-full e-flex e-con e-child\" data-id=\"0a22fab\" data-element_type=\"container\" data-e-type=\"container\" data-settings=\"{&quot;jet_parallax_layout_list&quot;:[]}\">\n\t\t\t\t<div class=\"elementor-element elementor-element-5223e43 elementor-widget elementor-widget-heading\" data-id=\"5223e43\" data-element_type=\"widget\" data-e-type=\"widget\" data-widget_type=\"heading.default\">\n\t\t\t\t\t<h2 class=\"elementor-heading-title elementor-size-default\">Achtung\n<\/h2>\t\t\t\t<\/div>\n\t\t\t\t<div class=\"elementor-element elementor-element-f010ed5 elementor-widget elementor-widget-text-editor\" data-id=\"f010ed5\" data-element_type=\"widget\" data-e-type=\"widget\" data-widget_type=\"text-editor.default\">\n\t\t\t\t\t\t\t\t\tEs ist darauf Bedacht zu nehmen, dass die Berufsaus\u00fcbung gesetzlich geregelt ist.\n\t\t\t\t\t\t\t\t<\/div>\n\t\t\t\t<\/div>\n\t\t<div class=\"elementor-element elementor-element-dcfe469 e-con-full e-flex e-con e-child\" data-id=\"dcfe469\" data-element_type=\"container\" data-e-type=\"container\" data-settings=\"{&quot;jet_parallax_layout_list&quot;:[]}\">\n\t\t\t\t<div class=\"elementor-element elementor-element-27650ba elementor-widget elementor-widget-heading\" data-id=\"27650ba\" data-element_type=\"widget\" data-e-type=\"widget\" data-widget_type=\"heading.default\">\n\t\t\t\t\t<h2 class=\"elementor-heading-title elementor-size-default\">Achtung\n<\/h2>\t\t\t\t<\/div>\n\t\t\t\t<div class=\"elementor-element elementor-element-611b7f3 elementor-widget elementor-widget-text-editor\" data-id=\"611b7f3\" data-element_type=\"widget\" data-e-type=\"widget\" data-widget_type=\"text-editor.default\">\n\t\t\t\t\t\t\t\t\tAusbildungsteilnehmer sind darauf hinzuweisen, dass sie mangels entsprechender Gewerbeberechtigung die T\u00e4tigkeit nicht selbstst\u00e4ndig erwerbsm\u00e4\u00dfig aus\u00fcben d\u00fcrfen. Es besteht also eine diesbez\u00fcgliche Aufkl\u00e4rungspflicht der Ausbildungsanbieter.\n\t\t\t\t\t\t\t\t<\/div>\n\t\t\t\t<div class=\"elementor-element elementor-element-39310f2 elementor-widget elementor-widget-text-editor\" data-id=\"39310f2\" data-element_type=\"widget\" data-e-type=\"widget\" data-widget_type=\"text-editor.default\">\n\t\t\t\t\t\t\t\t\tQualitativ hochwertige Ausbildungen sind alle bei der ICF zertifizierten Ausbildungsprogramme.\n\t\t\t\t\t\t\t\t<\/div>\n\t\t\t\t<div class=\"elementor-element elementor-element-845f1d8 elementor-widget elementor-widget-text-editor\" data-id=\"845f1d8\" data-element_type=\"widget\" data-e-type=\"widget\" data-widget_type=\"text-editor.default\">\n\t\t\t\t\t\t\t\t\t<a href=\"https:\/\/www.coaching-magazin.de\/newsletter\">vgl Coaching Newsletter September 2017 Dr. R. Niki Harramach<\/a>\n\t\t\t\t\t\t\t\t<\/div>\n\t\t\t\t<\/div>\n\t\t\t\t<\/div>\n\t\t\t\t<\/div>\n\t\t\t\t\t<\/div>\n\t\t\t\t<\/div>\n\t\t<div class=\"elementor-element elementor-element-2bed1f0 elementor-hidden-desktop elementor-hidden-tablet e-flex e-con-boxed e-con e-parent\" data-id=\"2bed1f0\" data-element_type=\"container\" data-e-type=\"container\" data-settings=\"{&quot;jet_parallax_layout_list&quot;:[]}\">\n\t\t\t\t\t<div class=\"e-con-inner\">\n\t\t<div class=\"elementor-element elementor-element-68cdbdb e-con-full e-flex e-con e-child\" data-id=\"68cdbdb\" data-element_type=\"container\" data-e-type=\"container\" data-settings=\"{&quot;jet_parallax_layout_list&quot;:[]}\">\n\t\t<div class=\"elementor-element elementor-element-659b724 e-con-full e-flex e-con e-child\" data-id=\"659b724\" data-element_type=\"container\" data-e-type=\"container\" data-settings=\"{&quot;jet_parallax_layout_list&quot;:[],&quot;background_background&quot;:&quot;classic&quot;,&quot;background_motion_fx_motion_fx_scrolling&quot;:&quot;yes&quot;,&quot;background_motion_fx_translateY_effect&quot;:&quot;yes&quot;,&quot;background_motion_fx_translateY_speed&quot;:{&quot;unit&quot;:&quot;px&quot;,&quot;size&quot;:4,&quot;sizes&quot;:[]},&quot;background_motion_fx_translateY_affectedRange&quot;:{&quot;unit&quot;:&quot;%&quot;,&quot;size&quot;:&quot;&quot;,&quot;sizes&quot;:{&quot;start&quot;:0,&quot;end&quot;:100}},&quot;background_motion_fx_devices&quot;:[&quot;desktop&quot;,&quot;tablet&quot;,&quot;mobile&quot;]}\">\n\t\t\t\t<div class=\"elementor-element elementor-element-1a2af42 elementor-widget elementor-widget-image\" data-id=\"1a2af42\" data-element_type=\"widget\" data-e-type=\"widget\" data-widget_type=\"image.default\">\n\t\t\t\t\t\t\t\t\t\t\t\t\t\t\t<img fetchpriority=\"high\" decoding=\"async\" width=\"2560\" height=\"1709\" src=\"https:\/\/leadership2017.wpbuddyflowex.com\/wp-content\/uploads\/2025\/11\/confident-male-manager-greeting-colleague-with-hi-five-gesture-scaled.jpg\" class=\"attachment-full size-full wp-image-2970\" alt=\"\" srcset=\"https:\/\/leadership2017.wpbuddyflowex.com\/wp-content\/uploads\/2025\/11\/confident-male-manager-greeting-colleague-with-hi-five-gesture-scaled.jpg 2560w, https:\/\/leadership2017.wpbuddyflowex.com\/wp-content\/uploads\/2025\/11\/confident-male-manager-greeting-colleague-with-hi-five-gesture-300x200.jpg 300w, https:\/\/leadership2017.wpbuddyflowex.com\/wp-content\/uploads\/2025\/11\/confident-male-manager-greeting-colleague-with-hi-five-gesture-1024x684.jpg 1024w, https:\/\/leadership2017.wpbuddyflowex.com\/wp-content\/uploads\/2025\/11\/confident-male-manager-greeting-colleague-with-hi-five-gesture-768x513.jpg 768w, https:\/\/leadership2017.wpbuddyflowex.com\/wp-content\/uploads\/2025\/11\/confident-male-manager-greeting-colleague-with-hi-five-gesture-1536x1025.jpg 1536w, https:\/\/leadership2017.wpbuddyflowex.com\/wp-content\/uploads\/2025\/11\/confident-male-manager-greeting-colleague-with-hi-five-gesture-2048x1367.jpg 2048w\" sizes=\"(max-width: 2560px) 100vw, 2560px\" \/>\t\t\t\t\t\t\t\t\t\t\t\t\t\t\t<\/div>\n\t\t\t\t<\/div>\n\t\t<div class=\"elementor-element elementor-element-5556845 e-con-full e-flex e-con e-child\" data-id=\"5556845\" data-element_type=\"container\" data-e-type=\"container\" data-settings=\"{&quot;jet_parallax_layout_list&quot;:[]}\">\n\t\t<div class=\"elementor-element elementor-element-af4ab3c e-con-full e-flex e-con e-child\" data-id=\"af4ab3c\" data-element_type=\"container\" data-e-type=\"container\" data-settings=\"{&quot;jet_parallax_layout_list&quot;:[]}\">\n\t\t\t\t<div class=\"elementor-element elementor-element-68a1692 elementor-widget elementor-widget-heading\" data-id=\"68a1692\" data-element_type=\"widget\" data-e-type=\"widget\" data-widget_type=\"heading.default\">\n\t\t\t\t\t<h2 class=\"elementor-heading-title elementor-size-default\">Achtung\n<\/h2>\t\t\t\t<\/div>\n\t\t\t\t<div class=\"elementor-element elementor-element-4e22511 elementor-widget elementor-widget-text-editor\" data-id=\"4e22511\" data-element_type=\"widget\" data-e-type=\"widget\" data-widget_type=\"text-editor.default\">\n\t\t\t\t\t\t\t\t\tDie selbstst\u00e4ndige Aus\u00fcbung von Coaching ist in \u00d6sterreich durch die Gewerbeordnung gesetzlich geregelt. Verst\u00f6\u00dfe gegen die Gewerbeordnung ziehen Verwaltungsstrafen nach sich\n\t\t\t\t\t\t\t\t<\/div>\n\t\t\t\t<\/div>\n\t\t<div class=\"elementor-element elementor-element-dd7933f e-con-full e-flex e-con e-child\" data-id=\"dd7933f\" data-element_type=\"container\" data-e-type=\"container\" data-settings=\"{&quot;jet_parallax_layout_list&quot;:[]}\">\n\t\t\t\t<div class=\"elementor-element elementor-element-83c8222 elementor-widget elementor-widget-heading\" data-id=\"83c8222\" data-element_type=\"widget\" data-e-type=\"widget\" data-widget_type=\"heading.default\">\n\t\t\t\t\t<h2 class=\"elementor-heading-title elementor-size-default\">Achtung\n<\/h2>\t\t\t\t<\/div>\n\t\t\t\t<div class=\"elementor-element elementor-element-1a56008 elementor-widget elementor-widget-text-editor\" data-id=\"1a56008\" data-element_type=\"widget\" data-e-type=\"widget\" data-widget_type=\"text-editor.default\">\n\t\t\t\t\t\t\t\t\tEs ist darauf Bedacht zu nehmen, dass die Berufsaus\u00fcbung gesetzlich geregelt ist.\n\t\t\t\t\t\t\t\t<\/div>\n\t\t\t\t<\/div>\n\t\t<div class=\"elementor-element elementor-element-3481815 e-con-full e-flex e-con e-child\" data-id=\"3481815\" data-element_type=\"container\" data-e-type=\"container\" data-settings=\"{&quot;jet_parallax_layout_list&quot;:[]}\">\n\t\t\t\t<div class=\"elementor-element elementor-element-4ca81ac elementor-widget elementor-widget-heading\" data-id=\"4ca81ac\" data-element_type=\"widget\" data-e-type=\"widget\" data-widget_type=\"heading.default\">\n\t\t\t\t\t<h2 class=\"elementor-heading-title elementor-size-default\">Achtung\n<\/h2>\t\t\t\t<\/div>\n\t\t\t\t<div class=\"elementor-element elementor-element-9a9321c elementor-widget elementor-widget-text-editor\" data-id=\"9a9321c\" data-element_type=\"widget\" data-e-type=\"widget\" data-widget_type=\"text-editor.default\">\n\t\t\t\t\t\t\t\t\tEs ist darauf Bedacht zu nehmen, dass die Berufsaus\u00fcbung gesetzlich geregelt ist.\n\t\t\t\t\t\t\t\t<\/div>\n\t\t\t\t<\/div>\n\t\t<div class=\"elementor-element elementor-element-9123b08 e-con-full e-flex e-con e-child\" data-id=\"9123b08\" data-element_type=\"container\" data-e-type=\"container\" data-settings=\"{&quot;jet_parallax_layout_list&quot;:[]}\">\n\t\t\t\t<div class=\"elementor-element elementor-element-c442699 elementor-widget elementor-widget-heading\" data-id=\"c442699\" data-element_type=\"widget\" data-e-type=\"widget\" data-widget_type=\"heading.default\">\n\t\t\t\t\t<h2 class=\"elementor-heading-title elementor-size-default\">Achtung\n<\/h2>\t\t\t\t<\/div>\n\t\t\t\t<div class=\"elementor-element elementor-element-cd26473 elementor-widget elementor-widget-text-editor\" data-id=\"cd26473\" data-element_type=\"widget\" data-e-type=\"widget\" data-widget_type=\"text-editor.default\">\n\t\t\t\t\t\t\t\t\tAusbildungsteilnehmer sind darauf hinzuweisen, dass sie mangels entsprechender Gewerbeberechtigung die T\u00e4tigkeit nicht selbstst\u00e4ndig erwerbsm\u00e4\u00dfig aus\u00fcben d\u00fcrfen. Es besteht also eine diesbez\u00fcgliche Aufkl\u00e4rungspflicht der Ausbildungsanbieter.\n\t\t\t\t\t\t\t\t<\/div>\n\t\t\t\t<div class=\"elementor-element elementor-element-6fbda0c elementor-widget elementor-widget-text-editor\" data-id=\"6fbda0c\" data-element_type=\"widget\" data-e-type=\"widget\" data-widget_type=\"text-editor.default\">\n\t\t\t\t\t\t\t\t\tQualitativ hochwertige Ausbildungen sind alle bei der ICF zertifizierten Ausbildungsprogramme.\n\t\t\t\t\t\t\t\t<\/div>\n\t\t\t\t<div class=\"elementor-element elementor-element-bb57163 elementor-widget elementor-widget-text-editor\" data-id=\"bb57163\" data-element_type=\"widget\" data-e-type=\"widget\" data-widget_type=\"text-editor.default\">\n\t\t\t\t\t\t\t\t\t<a href=\"https:\/\/www.coaching-magazin.de\/newsletter\">vgl Coaching Newsletter September 2017 Dr. R. Niki Harramach<\/a>\n\t\t\t\t\t\t\t\t<\/div>\n\t\t\t\t<\/div>\n\t\t\t\t<\/div>\n\t\t\t\t<\/div>\n\t\t\t\t\t<\/div>\n\t\t\t\t<\/div>\n\t\t<div class=\"elementor-element elementor-element-a82db94 e-flex e-con-boxed e-con e-parent\" data-id=\"a82db94\" data-element_type=\"container\" data-e-type=\"container\" data-settings=\"{&quot;background_background&quot;:&quot;classic&quot;,&quot;jet_parallax_layout_list&quot;:[]}\">\n\t\t\t\t\t<div class=\"e-con-inner\">\n\t\t<div class=\"elementor-element elementor-element-ccd0735 e-con-full e-flex e-con e-child\" data-id=\"ccd0735\" data-element_type=\"container\" data-e-type=\"container\" data-settings=\"{&quot;background_background&quot;:&quot;gradient&quot;,&quot;jet_parallax_layout_list&quot;:[]}\">\n\t\t<div class=\"elementor-element elementor-element-a225f58 e-con-full e-flex e-con e-child\" data-id=\"a225f58\" data-element_type=\"container\" data-e-type=\"container\" data-settings=\"{&quot;jet_parallax_layout_list&quot;:[]}\">\n\t\t<div class=\"elementor-element elementor-element-d26d4b0 e-con-full e-flex e-con e-child\" data-id=\"d26d4b0\" data-element_type=\"container\" data-e-type=\"container\" data-settings=\"{&quot;jet_parallax_layout_list&quot;:[]}\">\n\t\t\t\t<div class=\"elementor-element elementor-element-39cd322 elementor-widget elementor-widget-text-editor\" data-id=\"39cd322\" data-element_type=\"widget\" data-e-type=\"widget\" data-widget_type=\"text-editor.default\">\n\t\t\t\t\t\t\t\t\tWer in \u00d6sterreich coachen m\u00f6chte, muss sich mit dem Gewerberecht besch\u00e4ftigen. Zwei Berufsgruppen reklamieren Coaching als Dienstleistung f\u00fcr sich: Lebens- und Sozialberatung und Unternehmensberatung\n\t\t\t\t\t\t\t\t<\/div>\n\t\t\t\t<div class=\"elementor-element elementor-element-c696d20 elementor-widget elementor-widget-text-editor\" data-id=\"c696d20\" data-element_type=\"widget\" data-e-type=\"widget\" data-widget_type=\"text-editor.default\">\n\t\t\t\t\t\t\t\t\t<ul><li>Coaching selbst\u00e4ndig erwerbst\u00e4tig auszu\u00fcben, gilt in \u00d6sterreich als gewerbsm\u00e4\u00dfige T\u00e4tigkeit und unterliegt daher der Gewerbeordnung.<\/li><li>Coaching ist ein ausdr\u00fcckliches Vorbehaltsrecht in den Berufsbildern Unternehmensberatung sowie Lebens- und Sozialberatung. Coaching selbstst\u00e4ndig erwerbst\u00e4tig auszu\u00fcben, ist daher diesen Berufsgruppen vorbehalten. Es handelt sich dabei um \"reglementierte Gewerbe\". F\u00fcr eine Gewerbeberechtigung bedarf es eines speziellen Bef\u00e4higungsnachweises.<\/li><\/ul>\t\t\t\t\t\t\t\t<\/div>\n\t\t\t\t<\/div>\n\t\t<div class=\"elementor-element elementor-element-a108659 e-con-full e-flex e-con e-child\" data-id=\"a108659\" data-element_type=\"container\" data-e-type=\"container\" data-settings=\"{&quot;jet_parallax_layout_list&quot;:[]}\">\n\t\t\t\t<div class=\"elementor-element elementor-element-f130afe elementor-widget elementor-widget-image\" data-id=\"f130afe\" data-element_type=\"widget\" data-e-type=\"widget\" data-widget_type=\"image.default\">\n\t\t\t\t\t\t\t\t\t\t\t\t\t\t\t<img decoding=\"async\" width=\"1920\" height=\"1280\" src=\"https:\/\/leadership2017.wpbuddyflowex.com\/wp-content\/uploads\/2025\/11\/icf-austria-legal-aspects.jpg\" class=\"attachment-full size-full wp-image-2225\" alt=\"\" srcset=\"https:\/\/leadership2017.wpbuddyflowex.com\/wp-content\/uploads\/2025\/11\/icf-austria-legal-aspects.jpg 1920w, https:\/\/leadership2017.wpbuddyflowex.com\/wp-content\/uploads\/2025\/11\/icf-austria-legal-aspects-300x200.jpg 300w, https:\/\/leadership2017.wpbuddyflowex.com\/wp-content\/uploads\/2025\/11\/icf-austria-legal-aspects-1024x683.jpg 1024w, https:\/\/leadership2017.wpbuddyflowex.com\/wp-content\/uploads\/2025\/11\/icf-austria-legal-aspects-768x512.jpg 768w, https:\/\/leadership2017.wpbuddyflowex.com\/wp-content\/uploads\/2025\/11\/icf-austria-legal-aspects-1536x1024.jpg 1536w\" sizes=\"(max-width: 1920px) 100vw, 1920px\" \/>\t\t\t\t\t\t\t\t\t\t\t\t\t\t\t<\/div>\n\t\t\t\t<\/div>\n\t\t\t\t<\/div>\n\t\t\t\t<\/div>\n\t\t\t\t\t<\/div>\n\t\t\t\t<\/div>\n\t\t<div class=\"elementor-element elementor-element-9dafc5d e-flex e-con-boxed e-con e-parent\" data-id=\"9dafc5d\" data-element_type=\"container\" data-e-type=\"container\" data-settings=\"{&quot;background_background&quot;:&quot;classic&quot;,&quot;jet_parallax_layout_list&quot;:[]}\">\n\t\t\t\t\t<div class=\"e-con-inner\">\n\t\t<div class=\"elementor-element elementor-element-7bac64b e-con-full effect_ e-flex e-con e-child\" data-id=\"7bac64b\" data-element_type=\"container\" data-e-type=\"container\" data-settings=\"{&quot;jet_parallax_layout_list&quot;:[]}\">\n\t\t\t\t<div class=\"elementor-element elementor-element-90e2c9e elementor-widget elementor-widget-text-editor\" data-id=\"90e2c9e\" data-element_type=\"widget\" data-e-type=\"widget\" data-widget_type=\"text-editor.default\">\n\t\t\t\t\t\t\t\t\tWeitere Informationen zu Coaching Business in \u00d6sterreich finden Sie in unserem Webinar:\n\t\t\t\t\t\t\t\t<\/div>\n\t\t\t\t<div class=\"elementor-element elementor-element-945f7c4 elementor-widget elementor-widget-elementskit-video\" data-id=\"945f7c4\" data-element_type=\"widget\" data-e-type=\"widget\" data-widget_type=\"elementskit-video.default\">\n\t\t\t\t<div class=\"elementor-widget-container\">\n\t\t\t\t\t<div class=\"ekit-wid-con\" >\t\t<div class=\"video-content\" data-video-player=\"[]\" data-video-setting=\"{&quot;videoVolume&quot;:&quot;horizontal&quot;,&quot;startVolume&quot;:0.8,&quot;videoType&quot;:&quot;iframe&quot;,&quot;videoClass&quot;:&quot;mfp-fade&quot;,&quot;videoStyle&quot;:&quot;popup&quot;,&quot;videoTypeName&quot;:&quot;youtube&quot;,&quot;autoplay&quot;:false,&quot;muted&quot;:false,&quot;loop&quot;:false}\">\n\t\t\t\n<a class=\"ekit_icon_button glow-ripple ekit-video-popup ekit-video-popup-btn\" href=\"https:\/\/www.youtube.com\/embed\/6n8wwkZ2Ybs?feature=oembed?playlist=6n8wwkZ2Ybs&amp;mute=0&amp;autoplay=0&amp;loop=no&amp;controls=0&amp;start=0&amp;end=\" aria-label=\"video-popup\">\n\t\t\t\t<i aria-hidden=\"true\" class=\"icon icon-play-button\"><\/i>\t\t\n\t\t\t<\/a>\n\t\t\t\t\t\t\t<div class=\"ekit-hidden-icons\" hidden aria-hidden=\"true\">\n\t\t\t\t\t<i class=\"ekit-popup-close-icon icon icon-cancel\"><\/i>\t\t\t\t<\/div>\n\t\t<\/div>\n\t\t<\/div>\t\t\t\t<\/div>\n\t\t\t\t<\/div>\n\t\t\t\t<\/div>\n\t\t\t\t\t<\/div>\n\t\t\t\t<\/div>\n\t\t\t\t<\/div>","protected":false},"excerpt":{"rendered":"<p>Home Attention The independent practice of coaching is regulated by law in Austria by the Trade Licensing Act. Violations of the trade regulations result in administrative penalties Coaching training In the coaching market, the sales volume of the training market is estimated to exceed the sales volume of the market. The question of who is [&hellip;]<\/p>","protected":false},"author":1,"featured_media":0,"parent":0,"menu_order":0,"comment_status":"closed","ping_status":"closed","template":"","meta":{"footnotes":""},"class_list":["post-29","page","type-page","status-publish","hentry"],"_links":{"self":[{"href":"https:\/\/leadership2017.wpbuddyflowex.com\/de\/wp-json\/wp\/v2\/pages\/29","targetHints":{"allow":["GET"]}}],"collection":[{"href":"https:\/\/leadership2017.wpbuddyflowex.com\/de\/wp-json\/wp\/v2\/pages"}],"about":[{"href":"https:\/\/leadership2017.wpbuddyflowex.com\/de\/wp-json\/wp\/v2\/types\/page"}],"author":[{"embeddable":true,"href":"https:\/\/leadership2017.wpbuddyflowex.com\/de\/wp-json\/wp\/v2\/users\/1"}],"replies":[{"embeddable":true,"href":"https:\/\/leadership2017.wpbuddyflowex.com\/de\/wp-json\/wp\/v2\/comments?post=29"}],"version-history":[{"count":130,"href":"https:\/\/leadership2017.wpbuddyflowex.com\/de\/wp-json\/wp\/v2\/pages\/29\/revisions"}],"predecessor-version":[{"id":5912,"href":"https:\/\/leadership2017.wpbuddyflowex.com\/de\/wp-json\/wp\/v2\/pages\/29\/revisions\/5912"}],"wp:attachment":[{"href":"https:\/\/leadership2017.wpbuddyflowex.com\/de\/wp-json\/wp\/v2\/media?parent=29"}],"curies":[{"name":"wp","href":"https:\/\/api.w.org\/{rel}","templated":true}]}}